{"id":3411,"date":"2022-07-25T13:21:14","date_gmt":"2022-07-25T11:21:14","guid":{"rendered":"https:\/\/eurasiacenter.hu\/?page_id=3411"},"modified":"2023-08-24T09:16:52","modified_gmt":"2023-08-24T07:16:52","slug":"szabolcs-veres","status":"publish","type":"page","link":"https:\/\/eurasiacenter.hu\/en\/szabolcs-veres\/","title":{"rendered":"Szabolcs Veres"},"content":{"rendered":"<div class=\"wp-block-image\">\n<figure class=\"alignleft size-large is-resized\"><img data-recalc-dims=\"1\" loading=\"lazy\" decoding=\"async\" src=\"https:\/\/i0.wp.com\/eurasiacenter.hu\/wp-content\/uploads\/2023\/08\/1_HR__3864-Edit_retus.jpg?resize=221%2C332&#038;ssl=1\" alt=\"\" class=\"wp-image-6022\" style=\"width:221px;height:332px\" width=\"221\" height=\"332\" srcset=\"https:\/\/i0.wp.com\/eurasiacenter.hu\/wp-content\/uploads\/2023\/08\/1_HR__3864-Edit_retus.jpg?resize=683%2C1024&amp;ssl=1 683w, https:\/\/i0.wp.com\/eurasiacenter.hu\/wp-content\/uploads\/2023\/08\/1_HR__3864-Edit_retus.jpg?resize=200%2C300&amp;ssl=1 200w, https:\/\/i0.wp.com\/eurasiacenter.hu\/wp-content\/uploads\/2023\/08\/1_HR__3864-Edit_retus.jpg?resize=768%2C1152&amp;ssl=1 768w, https:\/\/i0.wp.com\/eurasiacenter.hu\/wp-content\/uploads\/2023\/08\/1_HR__3864-Edit_retus.jpg?resize=1024%2C1536&amp;ssl=1 1024w, https:\/\/i0.wp.com\/eurasiacenter.hu\/wp-content\/uploads\/2023\/08\/1_HR__3864-Edit_retus.jpg?resize=1365%2C2048&amp;ssl=1 1365w, https:\/\/i0.wp.com\/eurasiacenter.hu\/wp-content\/uploads\/2023\/08\/1_HR__3864-Edit_retus.jpg?resize=1200%2C1800&amp;ssl=1 1200w, https:\/\/i0.wp.com\/eurasiacenter.hu\/wp-content\/uploads\/2023\/08\/1_HR__3864-Edit_retus.jpg?resize=1568%2C2352&amp;ssl=1 1568w, https:\/\/i0.wp.com\/eurasiacenter.hu\/wp-content\/uploads\/2023\/08\/1_HR__3864-Edit_retus.jpg?w=1500&amp;ssl=1 1500w, https:\/\/i0.wp.com\/eurasiacenter.hu\/wp-content\/uploads\/2023\/08\/1_HR__3864-Edit_retus.jpg?w=2250&amp;ssl=1 2250w\" sizes=\"auto, (max-width: 221px) 100vw, 221px\" \/><\/figure>\n<\/div>\n\n\n<p class=\"has-text-align-justify wp-block-paragraph\">Szabolcs Veres began higher education studies at the Uzhorod National University Department of Hungarian History and European Integration. In 2013, he successfully graduated with a master&#8217;s degree. During his university years, he was a member of several Transcarpathian and Hungarian talent management colleges.<\/p>\n\n\n\n<p class=\"has-text-align-justify wp-block-paragraph\">After that, he continued his studies in the post-graduate course (Phd school) on the Uzhgorod National University the Department of Ukrainian History until 2015. During this time, he conducted archival source research in the Beregsz\u00e1sz branch of the Transcarpathian Regional State Archives and performed several substitute teaching duties in schools.<\/p>\n\n\n\n<p class=\"has-text-align-justify wp-block-paragraph\">At present Szabolcs Veres PhD student in the E\u00f6tv\u00f6s Lor\u00e1nd University at the Department of Cultural History. His Phd work topic is \u201eDevelopment of tourism in Transcarpathia between the two world wars\u201d. He is a frequent speaker and author of conferences and studies.<\/p>\n\n\n\n<p class=\"has-text-align-justify wp-block-paragraph\">Since March 2021, he has been a researcher at the Eurasian Center of John von Neumann University. His main researchfield is Central Asia and research on the geopolitical location and role of Central Asian countries.<\/p>\n","protected":false},"excerpt":{"rendered":"<p>Szabolcs Veres began higher education studies at the Uzhorod National University Department of Hungarian History and European Integration. In 2013, he successfully graduated with a master&#8217;s degree. During his university years, he was a member of several Transcarpathian and Hungarian talent management colleges. After that, he continued his studies in the post-graduate course (Phd school)<a class=\"more-link\" href=\"https:\/\/eurasiacenter.hu\/en\/szabolcs-veres\/\">Continue reading <span class=\"screen-reader-text\">&#8220;Szabolcs Veres&#8221;<\/span><\/a><\/p>\n","protected":false},"author":201210316,"featured_media":0,"parent":0,"menu_order":0,"comment_status":"closed","ping_status":"closed","template":"","meta":{"_coblocks_attr":"","_coblocks_dimensions":"","_coblocks_responsive_height":"","_coblocks_accordion_ie_support":"","_crdt_document":"","advanced_seo_description":"","jetpack_seo_html_title":"","jetpack_seo_noindex":false,"footnotes":""},"class_list":["post-3411","page","type-page","status-publish","hentry","entry"],"jetpack_likes_enabled":true,"jetpack_sharing_enabled":true,"jetpack_shortlink":"https:\/\/wp.me\/PcNiWh-T1","amp_enabled":true,"_links":{"self":[{"href":"https:\/\/eurasiacenter.hu\/en\/wp-json\/wp\/v2\/pages\/3411","targetHints":{"allow":["GET"]}}],"collection":[{"href":"https:\/\/eurasiacenter.hu\/en\/wp-json\/wp\/v2\/pages"}],"about":[{"href":"https:\/\/eurasiacenter.hu\/en\/wp-json\/wp\/v2\/types\/page"}],"author":[{"embeddable":true,"href":"https:\/\/eurasiacenter.hu\/en\/wp-json\/wp\/v2\/users\/201210316"}],"replies":[{"embeddable":true,"href":"https:\/\/eurasiacenter.hu\/en\/wp-json\/wp\/v2\/comments?post=3411"}],"version-history":[{"count":3,"href":"https:\/\/eurasiacenter.hu\/en\/wp-json\/wp\/v2\/pages\/3411\/revisions"}],"predecessor-version":[{"id":6024,"href":"https:\/\/eurasiacenter.hu\/en\/wp-json\/wp\/v2\/pages\/3411\/revisions\/6024"}],"wp:attachment":[{"href":"https:\/\/eurasiacenter.hu\/en\/wp-json\/wp\/v2\/media?parent=3411"}],"curies":[{"name":"wp","href":"https:\/\/api.w.org\/{rel}","templated":true}]}}